{"id":1497,"date":"2019-03-11T16:21:18","date_gmt":"2019-03-11T15:21:18","guid":{"rendered":"https:\/\/www.sprintwerkt.nl\/sectoren\/"},"modified":"2020-12-01T09:53:14","modified_gmt":"2020-12-01T08:53:14","slug":"sektory","status":"publish","type":"page","link":"https:\/\/www.sprintwerkt.nl\/pl\/sektory\/","title":{"rendered":"Sektory"},"content":{"rendered":"<p><div id=\"thz-section-holder-s450033e0\" class=\"thz-section-holder section-notcontained none\" data-view-brightness=\"none\">\r\n\t<section class=\"thz-section\">\r\n\t\t<div class=\"thz-section-in\">\r\n\t\t\t\t\t<div class=\"thz-container content-contained thz-site-width\">\r\n\t\t\t\t<div class=\"thz-row\">\r\n\t<div id=\"thz-column-c34c5aa44\" class=\"thz-column thz-col-1 fstart\">\r\n\t<div class=\"thz-column-container\">\r\n        <div class=\"thz-column-in\">\r\n                        <div class=\"thz-column-shortcodes\">\t\r\n                <div id=\"thz-breadcrumbs-7131b23f\" class=\"thz-shc thz-breadcrumbs\">\r\n<\/div>            <\/div>\r\n                                            <\/div>\r\n    <\/div>\r\n<\/div><\/div>\t\t\t<\/div>\r\n\t\t\t\t<\/div>\r\n\t\t\t\t<\/section>\r\n<\/div>\r\n<div id=\"thz-section-holder-s6c66b36d\" class=\"thz-section-holder section-notcontained none\" data-view-brightness=\"none\">\r\n\t<section class=\"thz-section\">\r\n\t\t<div class=\"thz-section-in\">\r\n\t\t\t\t\t<div class=\"thz-container content-contained thz-site-width\">\r\n\t\t\t\t<div class=\"thz-row\">\r\n\t<div id=\"thz-column-c5ce9a455\" class=\"thz-column thz-col-3-4 fstart\">\r\n\t<div class=\"thz-column-container\">\r\n        <div class=\"thz-column-in\">\r\n                        <div class=\"thz-column-shortcodes\">\t\r\n                <div id=\"thz-sh-1244e510\" class=\"thz-shc thz-heading thz-sh-1244e510 thz-sh-plain thz-sh-pos-both\">\r\n\t<div class=\"thz-heading-holder\">\r\n\t\t\t\t<h1 class=\"thz-heading-title\">Sektory\u00a0Sprint<span style=\"color: #95c11f;\">Werkt<\/span><\/h1>\t\t\t<\/div>\r\n<\/div><div id=\"thz-text-block-0960e049\" class=\"thz-shc thz-text-block\"><p>SprintWerkt dzia\u0142a w wielu bran\u017cach, a w szczeg\u00f3lno\u015bci w: Logistyka, Transport, sektor rolny, ogrodnictwo, produkcja, technik. W ka\u017cdej bran\u017cy rekrutujemy pracownik\u00f3w z odpowiednimi kwalifikacjami na stanowisko, na kt\u00f3rym znajomo\u015b\u0107 j\u0119zyka angielskiego jest zawsze podstawowym wymogiem. Sami szkolimy r\u00f3wnie\u017c pracownik\u00f3w, je\u015bli klient daje nam do tego przestrze\u0144 i mo\u017cliwo\u015bci. Mamy do tego w\u0142asne centrum szkoleniowe.<\/p><\/div>            <\/div>\r\n                                            <\/div>\r\n    <\/div>\r\n<\/div><\/div><div class=\"thz-clear\"><\/div><div id=\"thz-divider-37a7f58c\" class=\"thz-shc thz-divider-37a7f58c thz-divider-holder\"><div class=\"thz-divider\"><\/div><\/div><div class=\"thz-row\">\r\n\t<div id=\"thz-column-c70802df5\" class=\"thz-column thz-col-1-2 fstart\">\r\n\t<div class=\"thz-column-container\">\r\n        <div class=\"thz-column-in\">\r\n                        <div class=\"thz-column-shortcodes\">\t\r\n                <div id=\"thz-image-layers-0bae40b3\" class=\"thz-shc thz-image-layers-container thz-lightbox-gallery-simple thz-mfp-show-slider thz-media-mode-thzhover thz-mfp-show-slider\"><div class=\"thz-image-layers\"><div class=\"thz-aspect thz-ratio-4-3\"><div class=\"thz-ratio-in\"><div id=\"thz-img-layer-0\" class=\"thz-img-layer-0 thz-img-layer thz-media-item has-img\"><div id=\"thz-img-layer-in\" class=\"thz-img-layer-in\"><div class=\"thz-hover thz-hover-img-mask thz-center-center thz-hover-bg-solid thz-hover-fadein thz-img-none thz-transease-04\" style=\"background-image:url(https:\/\/www.sprintwerkt.nl\/wp-content\/uploads\/2020\/10\/AdobeStock_33650822-1024x670.jpeg);\"><div class=\"thz-hover-mask thz-transease-04\"><div class=\"thz-hover-mask-table\"><div class=\"thz-hover-icons  thz-comein-none thz-transease-05 thz-va-middle\"><div class=\"thz-el-text\"><p><strong>Logistyka.<\/strong><\/p><p>Du\u017ca cz\u0119\u015b\u0107 naszych pracownik\u00f3w pracuje na funkcjach logistycznych, w r\u00f3\u017cnych centrach dystrybucyjnych i magazynach. Pracownicy SprintWerkt pracuj\u0105 codziennie na stanowiskach takich jak zbieracz zamowien, kierowca w\u00f3zka wid\u0142owego, zbieracz zamowien w systemie glosowym, kierowca w\u00f3zka wysokiego sk\u0142adowania, lider linii i pracownik dystrybucji.<\/p><\/div><\/div><\/div><\/div><\/div><\/div><\/div><\/div><\/div><\/div><\/div>            <\/div>\r\n                                            <\/div>\r\n    <\/div>\r\n<\/div><div id=\"thz-column-c5e9bdf21\" class=\"thz-column thz-col-1-2 fstart\">\r\n\t<div class=\"thz-column-container\">\r\n        <div class=\"thz-column-in\">\r\n                        <div class=\"thz-column-shortcodes\">\t\r\n                <div id=\"thz-image-layers-4101b41d\" class=\"thz-shc thz-image-layers-container thz-lightbox-gallery-simple thz-mfp-show-slider thz-media-mode-thzhover thz-mfp-show-slider\"><div class=\"thz-image-layers\"><div class=\"thz-aspect thz-ratio-4-3\"><div class=\"thz-ratio-in\"><div id=\"thz-img-layer-0\" class=\"thz-img-layer-0 thz-img-layer thz-media-item has-img\"><div id=\"thz-img-layer-in\" class=\"thz-img-layer-in\"><div class=\"thz-hover thz-hover-img-mask thz-center-center thz-hover-bg-solid thz-hover-fadein thz-img-none thz-transease-04\" style=\"background-image:url(https:\/\/www.sprintwerkt.nl\/wp-content\/uploads\/2020\/10\/AdobeStock_77369878-1024x683.jpeg);\"><div class=\"thz-hover-mask thz-transease-04\"><div class=\"thz-hover-mask-table\"><div class=\"thz-hover-icons  thz-comein-none thz-transease-05 thz-va-middle\"><div class=\"thz-el-text\"><p><strong>Przemys\u0142 wytw\u00f3rczy<\/strong><\/p><p>Pracownicy SprintWerkt na co dzie\u0144 pracuj\u0105 jako pracownicy produkcyjni w r\u00f3\u017cnych procesach. Po\u015bredniczymy mi\u0119dzy innymi pracownikami produkcyjnymi, operatorami (liniowymi) i trenerami (liniowymi) w naszych relacjach.<\/p><\/div><\/div><\/div><\/div><\/div><\/div><\/div><\/div><\/div><\/div><\/div>            <\/div>\r\n                                            <\/div>\r\n    <\/div>\r\n<\/div><\/div><div class=\"thz-row\">\r\n\t<div id=\"thz-column-c649b1ab9\" class=\"thz-column thz-col-1-2 fstart\">\r\n\t<div class=\"thz-column-container\">\r\n        <div class=\"thz-column-in\">\r\n                        <div class=\"thz-column-shortcodes\">\t\r\n                <div id=\"thz-image-layers-04ab6b25\" class=\"thz-shc thz-image-layers-container thz-lightbox-gallery-simple thz-mfp-show-slider thz-media-mode-thzhover thz-mfp-show-slider\"><div class=\"thz-image-layers\"><div class=\"thz-aspect thz-ratio-4-3\"><div class=\"thz-ratio-in\"><div id=\"thz-img-layer-0\" class=\"thz-img-layer-0 thz-img-layer thz-media-item has-img\"><div id=\"thz-img-layer-in\" class=\"thz-img-layer-in\"><div class=\"thz-hover thz-hover-img-mask thz-center-center thz-hover-bg-solid thz-hover-fadein thz-img-none thz-transease-04\" style=\"background-image:url(https:\/\/www.sprintwerkt.nl\/wp-content\/uploads\/2020\/10\/AdobeStock_301447313-1024x540.jpeg);\"><div class=\"thz-hover-mask thz-transease-04\"><div class=\"thz-hover-mask-table\"><div class=\"thz-hover-icons  thz-comein-none thz-transease-05 thz-va-middle\"><div class=\"thz-el-text\"><p><strong>Przemys\u0142 spo\u017cywczy<\/strong><\/p><p>Du\u017ca cz\u0119\u015b\u0107 pracownik\u00f3w SprintWerkt pracuje w piekarniach i cukierniczych oraz w sektorze przetw\u00f3rstwa owoc\u00f3w i warzyw. Mamy ponad 10-letnie do\u015bwiadczenie w tej bran\u017cy.<\/p><\/div><\/div><\/div><\/div><\/div><\/div><\/div><\/div><\/div><\/div><\/div>            <\/div>\r\n                                            <\/div>\r\n    <\/div>\r\n<\/div><div id=\"thz-column-cb2e51ca4\" class=\"thz-column thz-col-1-2 fstart\">\r\n\t<div class=\"thz-column-container\">\r\n        <div class=\"thz-column-in\">\r\n                        <div class=\"thz-column-shortcodes\">\t\r\n                <div id=\"thz-image-layers-8bcfdfce\" class=\"thz-shc thz-image-layers-container thz-lightbox-gallery-simple thz-mfp-show-slider thz-media-mode-thzhover thz-mfp-show-slider\"><div class=\"thz-image-layers\"><div class=\"thz-aspect thz-ratio-4-3\"><div class=\"thz-ratio-in\"><div id=\"thz-img-layer-0\" class=\"thz-img-layer-0 thz-img-layer thz-media-item has-img\"><div id=\"thz-img-layer-in\" class=\"thz-img-layer-in\"><div class=\"thz-hover thz-hover-img-mask thz-center-center thz-hover-bg-solid thz-hover-fadein thz-img-none thz-transease-04\" style=\"background-image:url(https:\/\/www.sprintwerkt.nl\/wp-content\/uploads\/2020\/10\/AdobeStock_172054474-1024x683.jpeg);\"><div class=\"thz-hover-mask thz-transease-04\"><div class=\"thz-hover-mask-table\"><div class=\"thz-hover-icons  thz-comein-none thz-transease-05 thz-va-middle\"><div class=\"thz-el-text\"><p><strong>Ogrodnictwo<\/strong><\/p><p>Pracownicy SprintWerkt przez ca\u0142y rok s\u0105 aktywni w r\u00f3\u017cnych procesach w tym sektorze. Po\u015bredniczymy mi\u0119dzy innymi dla naszych pracownik\u00f3w w szk\u00f3\u0142kach kwiat\u00f3w, owoc\u00f3w i ro\u015blin. Od lat jeste\u015bmy sprawdzonym specjalist\u0105 w prawdziwej pracy sezonowej.<\/p><\/div><\/div><\/div><\/div><\/div><\/div><\/div><\/div><\/div><\/div><\/div>            <\/div>\r\n                                            <\/div>\r\n    <\/div>\r\n<\/div><\/div><div class=\"thz-row\">\r\n\t<div id=\"thz-column-cabfc686f\" class=\"thz-column thz-col-1-2 fstart\">\r\n\t<div class=\"thz-column-container\">\r\n        <div class=\"thz-column-in\">\r\n                        <div class=\"thz-column-shortcodes\">\t\r\n                <div id=\"thz-image-layers-3775fe31\" class=\"thz-shc thz-image-layers-container thz-lightbox-gallery-simple thz-mfp-show-slider thz-media-mode-thzhover thz-mfp-show-slider\"><div class=\"thz-image-layers\"><div class=\"thz-aspect thz-ratio-4-3\"><div class=\"thz-ratio-in\"><div id=\"thz-img-layer-0\" class=\"thz-img-layer-0 thz-img-layer thz-media-item has-img\"><div id=\"thz-img-layer-in\" class=\"thz-img-layer-in\"><div class=\"thz-hover thz-hover-img-mask thz-center-center thz-hover-bg-solid thz-hover-fadein thz-img-none thz-transease-04\" style=\"background-image:url(https:\/\/www.sprintwerkt.nl\/wp-content\/uploads\/2020\/10\/AdobeStock_298820469-1024x683.jpeg);\"><div class=\"thz-hover-mask thz-transease-04\"><div class=\"thz-hover-mask-table\"><div class=\"thz-hover-icons  thz-comein-none thz-transease-05 thz-va-middle\"><div class=\"thz-el-text\"><p><strong>Technik<br \/><\/strong><\/p><p>Od 2018 roku SprintWerkt dzia\u0142a r\u00f3wnie\u017c w r\u00f3\u017cnych bran\u017cach technicznych, tutaj wiele robimy dla firm metalowych, drzewnych i budowlanych. Funkcje, kt\u00f3re tutaj pe\u0142nimy to m.in. tkacze betonu, spawacze, stolarze a takze dzialamy przy obrobce drewna.<\/p><\/div><\/div><\/div><\/div><\/div><\/div><\/div><\/div><\/div><\/div><\/div>            <\/div>\r\n                                            <\/div>\r\n    <\/div>\r\n<\/div><div id=\"thz-column-c8d187135\" class=\"thz-column thz-col-1-2 fstart\">\r\n\t<div class=\"thz-column-container\">\r\n        <div class=\"thz-column-in\">\r\n                        <div class=\"thz-column-shortcodes\">\t\r\n                <div id=\"thz-image-layers-f1693de7\" class=\"thz-shc thz-image-layers-container thz-lightbox-gallery-simple thz-mfp-show-slider thz-media-mode-thzhover thz-mfp-show-slider\"><div class=\"thz-image-layers\"><div class=\"thz-aspect thz-ratio-4-3\"><div class=\"thz-ratio-in\"><div id=\"thz-img-layer-0\" class=\"thz-img-layer-0 thz-img-layer thz-media-item has-img\"><div id=\"thz-img-layer-in\" class=\"thz-img-layer-in\"><div class=\"thz-hover thz-hover-img-mask thz-center-center thz-hover-bg-solid thz-hover-fadein thz-img-none thz-transease-04\" style=\"background-image:url(https:\/\/www.sprintwerkt.nl\/wp-content\/uploads\/2020\/10\/AdobeStock_169967622-1024x683.jpeg);\"><div class=\"thz-hover-mask thz-transease-04\"><div class=\"thz-hover-mask-table\"><div class=\"thz-hover-icons  thz-comein-none thz-transease-05 thz-va-middle\"><div class=\"thz-el-text\"><p><strong>Czyszczenie przemys\u0142owe<\/strong><\/p><p>SprintWerkt jest idealnym partnerem dla firm zajmuj\u0105cych si\u0119 czyszczeniem przemys\u0142owym. Du\u017ca cz\u0119\u015b\u0107 naszych pracownik\u00f3w na co dzie\u0144 pracuje w tej bran\u017cy.<\/p><\/div><\/div><\/div><\/div><\/div><\/div><\/div><\/div><\/div><\/div><\/div>            <\/div>\r\n                                            <\/div>\r\n    <\/div>\r\n<\/div><\/div>\t\t\t<\/div>\r\n\t\t\t\t<\/div>\r\n\t\t<div class=\"thz-bglayer-container\"><div id=\"thz-bglayer-91130455\" class=\"thz-basic-bglayer\"><\/div><\/div>\t\t<\/section>\r\n<\/div>\r\n<\/p>\n","protected":false},"excerpt":{"rendered":"<p>Sektory\u00a0SprintWerkt SprintWerkt dzia\u0142a w wielu bran\u017cach, a w szczeg\u00f3lno\u015bci w: Logistyka, Transport, sektor rolny, ogrodnictwo, produkcja, technik. W ka\u017cdej bran\u017cy rekrutujemy pracownik\u00f3w z odpowiednimi kwalifikacjami na stanowisko, na kt\u00f3rym znajomo\u015b\u0107 j\u0119zyka angielskiego jest zawsze podstawowym wymogiem. Sami szkolimy r\u00f3wnie\u017c pracownik\u00f3w, je\u015bli klient daje nam do tego przestrze\u0144 i mo\u017cliwo\u015bci. Mamy do tego w\u0142asne centrum szkoleniowe. Logistyka.Du\u017ca cz\u0119\u015b\u0107 naszych pracownik\u00f3w pracuje na funkcjach logistycznych, w r\u00f3\u017cnych centrach dystrybucyjnych i magazynach. Pracownicy SprintWerkt pracuj\u0105 codziennie na stanowiskach takich jak zbieracz zamowien, kierowca w\u00f3zka wid\u0142owego, zbieracz zamowien w systemie glosowym, kierowca w\u00f3zka wysokiego sk\u0142adowania, lider linii i pracownik dystrybucji. Przemys\u0142 wytw\u00f3rczyPracownicy SprintWerkt na co dzie\u0144 pracuj\u0105 jako pracownicy produkcyjni w r\u00f3\u017cnych procesach. Po\u015bredniczymy mi\u0119dzy innymi pracownikami produkcyjnymi, operatorami (liniowymi) i trenerami (liniowymi) w naszych relacjach. Przemys\u0142 spo\u017cywczyDu\u017ca cz\u0119\u015b\u0107 pracownik\u00f3w SprintWerkt pracuje w piekarniach i cukierniczych oraz w sektorze przetw\u00f3rstwa owoc\u00f3w i warzyw. Mamy ponad 10-letnie do\u015bwiadczenie w tej bran\u017cy. OgrodnictwoPracownicy SprintWerkt przez ca\u0142y rok s\u0105 aktywni w r\u00f3\u017cnych procesach w tym sektorze. Po\u015bredniczymy mi\u0119dzy innymi dla naszych pracownik\u00f3w w szk\u00f3\u0142kach kwiat\u00f3w, owoc\u00f3w i ro\u015blin. Od lat jeste\u015bmy sprawdzonym specjalist\u0105 w prawdziwej pracy sezonowej. TechnikOd 2018 roku SprintWerkt dzia\u0142a r\u00f3wnie\u017c w r\u00f3\u017cnych bran\u017cach technicznych, tutaj wiele robimy dla firm metalowych, drzewnych i budowlanych. Funkcje, [&hellip;]<\/p>\n","protected":false},"author":2,"featured_media":0,"parent":0,"menu_order":0,"comment_status":"closed","ping_status":"closed","template":"template-parts\/page-builder.php","meta":{"inline_featured_image":false,"footnotes":""},"tags":[],"class_list":["post-1497","page","type-page","status-publish","hentry","page_category-content"],"yoast_head":"<!-- This site is optimized with the Yoast SEO plugin v26.2 - https:\/\/yoast.com\/wordpress\/plugins\/seo\/ -->\n<title>Sektory - SprintWerkt<\/title>\n<meta name=\"robots\" content=\"index, follow, max-snippet:-1, max-image-preview:large, max-video-preview:-1\" \/>\n<link rel=\"canonical\" href=\"https:\/\/www.sprintwerkt.nl\/pl\/sektory\/\" \/>\n<meta property=\"og:locale\" content=\"pl_PL\" \/>\n<meta property=\"og:type\" content=\"article\" \/>\n<meta property=\"og:title\" content=\"Sektory - SprintWerkt\" \/>\n<meta property=\"og:description\" content=\"Sektory\u00a0SprintWerkt SprintWerkt dzia\u0142a w wielu bran\u017cach, a w szczeg\u00f3lno\u015bci w: Logistyka, Transport, sektor rolny, ogrodnictwo, produkcja, technik. W ka\u017cdej bran\u017cy rekrutujemy pracownik\u00f3w z odpowiednimi kwalifikacjami na stanowisko, na kt\u00f3rym znajomo\u015b\u0107 j\u0119zyka angielskiego jest zawsze podstawowym wymogiem. Sami szkolimy r\u00f3wnie\u017c pracownik\u00f3w, je\u015bli klient daje nam do tego przestrze\u0144 i mo\u017cliwo\u015bci. Mamy do tego w\u0142asne centrum szkoleniowe. Logistyka.Du\u017ca cz\u0119\u015b\u0107 naszych pracownik\u00f3w pracuje na funkcjach logistycznych, w r\u00f3\u017cnych centrach dystrybucyjnych i magazynach. Pracownicy SprintWerkt pracuj\u0105 codziennie na stanowiskach takich jak zbieracz zamowien, kierowca w\u00f3zka wid\u0142owego, zbieracz zamowien w systemie glosowym, kierowca w\u00f3zka wysokiego sk\u0142adowania, lider linii i pracownik dystrybucji. Przemys\u0142 wytw\u00f3rczyPracownicy SprintWerkt na co dzie\u0144 pracuj\u0105 jako pracownicy produkcyjni w r\u00f3\u017cnych procesach. Po\u015bredniczymy mi\u0119dzy innymi pracownikami produkcyjnymi, operatorami (liniowymi) i trenerami (liniowymi) w naszych relacjach. Przemys\u0142 spo\u017cywczyDu\u017ca cz\u0119\u015b\u0107 pracownik\u00f3w SprintWerkt pracuje w piekarniach i cukierniczych oraz w sektorze przetw\u00f3rstwa owoc\u00f3w i warzyw. Mamy ponad 10-letnie do\u015bwiadczenie w tej bran\u017cy. OgrodnictwoPracownicy SprintWerkt przez ca\u0142y rok s\u0105 aktywni w r\u00f3\u017cnych procesach w tym sektorze. Po\u015bredniczymy mi\u0119dzy innymi dla naszych pracownik\u00f3w w szk\u00f3\u0142kach kwiat\u00f3w, owoc\u00f3w i ro\u015blin. Od lat jeste\u015bmy sprawdzonym specjalist\u0105 w prawdziwej pracy sezonowej. TechnikOd 2018 roku SprintWerkt dzia\u0142a r\u00f3wnie\u017c w r\u00f3\u017cnych bran\u017cach technicznych, tutaj wiele robimy dla firm metalowych, drzewnych i budowlanych. Funkcje, [&hellip;]\" \/>\n<meta property=\"og:url\" content=\"https:\/\/www.sprintwerkt.nl\/pl\/sektory\/\" \/>\n<meta property=\"og:site_name\" content=\"SprintWerkt\" \/>\n<meta property=\"article:modified_time\" content=\"2020-12-01T08:53:14+00:00\" \/>\n<meta name=\"twitter:card\" content=\"summary_large_image\" \/>\n<meta name=\"twitter:label1\" content=\"Szacowany czas czytania\" \/>\n\t<meta name=\"twitter:data1\" content=\"1 minuta\" \/>\n<script type=\"application\/ld+json\" class=\"yoast-schema-graph\">{\"@context\":\"https:\/\/schema.org\",\"@graph\":[{\"@type\":\"WebPage\",\"@id\":\"https:\/\/www.sprintwerkt.nl\/pl\/sektory\/\",\"url\":\"https:\/\/www.sprintwerkt.nl\/pl\/sektory\/\",\"name\":\"Sektory - SprintWerkt\",\"isPartOf\":{\"@id\":\"https:\/\/www.sprintwerkt.nl\/pl\/#website\"},\"datePublished\":\"2019-03-11T15:21:18+00:00\",\"dateModified\":\"2020-12-01T08:53:14+00:00\",\"breadcrumb\":{\"@id\":\"https:\/\/www.sprintwerkt.nl\/pl\/sektory\/#breadcrumb\"},\"inLanguage\":\"pl-PL\",\"potentialAction\":[{\"@type\":\"ReadAction\",\"target\":[\"https:\/\/www.sprintwerkt.nl\/pl\/sektory\/\"]}]},{\"@type\":\"BreadcrumbList\",\"@id\":\"https:\/\/www.sprintwerkt.nl\/pl\/sektory\/#breadcrumb\",\"itemListElement\":[{\"@type\":\"ListItem\",\"position\":1,\"name\":\"Home\",\"item\":\"https:\/\/www.sprintwerkt.nl\/pl\/\"},{\"@type\":\"ListItem\",\"position\":2,\"name\":\"Sektory\"}]},{\"@type\":\"WebSite\",\"@id\":\"https:\/\/www.sprintwerkt.nl\/pl\/#website\",\"url\":\"https:\/\/www.sprintwerkt.nl\/pl\/\",\"name\":\"SprintWerkt\",\"description\":\"uw uitzend partner\",\"potentialAction\":[{\"@type\":\"SearchAction\",\"target\":{\"@type\":\"EntryPoint\",\"urlTemplate\":\"https:\/\/www.sprintwerkt.nl\/pl\/?s={search_term_string}\"},\"query-input\":{\"@type\":\"PropertyValueSpecification\",\"valueRequired\":true,\"valueName\":\"search_term_string\"}}],\"inLanguage\":\"pl-PL\"}]}<\/script>\n<!-- \/ Yoast SEO plugin. -->","yoast_head_json":{"title":"Sektory - SprintWerkt","robots":{"index":"index","follow":"follow","max-snippet":"max-snippet:-1","max-image-preview":"max-image-preview:large","max-video-preview":"max-video-preview:-1"},"canonical":"https:\/\/www.sprintwerkt.nl\/pl\/sektory\/","og_locale":"pl_PL","og_type":"article","og_title":"Sektory - SprintWerkt","og_description":"Sektory\u00a0SprintWerkt SprintWerkt dzia\u0142a w wielu bran\u017cach, a w szczeg\u00f3lno\u015bci w: Logistyka, Transport, sektor rolny, ogrodnictwo, produkcja, technik. W ka\u017cdej bran\u017cy rekrutujemy pracownik\u00f3w z odpowiednimi kwalifikacjami na stanowisko, na kt\u00f3rym znajomo\u015b\u0107 j\u0119zyka angielskiego jest zawsze podstawowym wymogiem. Sami szkolimy r\u00f3wnie\u017c pracownik\u00f3w, je\u015bli klient daje nam do tego przestrze\u0144 i mo\u017cliwo\u015bci. Mamy do tego w\u0142asne centrum szkoleniowe. Logistyka.Du\u017ca cz\u0119\u015b\u0107 naszych pracownik\u00f3w pracuje na funkcjach logistycznych, w r\u00f3\u017cnych centrach dystrybucyjnych i magazynach. Pracownicy SprintWerkt pracuj\u0105 codziennie na stanowiskach takich jak zbieracz zamowien, kierowca w\u00f3zka wid\u0142owego, zbieracz zamowien w systemie glosowym, kierowca w\u00f3zka wysokiego sk\u0142adowania, lider linii i pracownik dystrybucji. Przemys\u0142 wytw\u00f3rczyPracownicy SprintWerkt na co dzie\u0144 pracuj\u0105 jako pracownicy produkcyjni w r\u00f3\u017cnych procesach. Po\u015bredniczymy mi\u0119dzy innymi pracownikami produkcyjnymi, operatorami (liniowymi) i trenerami (liniowymi) w naszych relacjach. Przemys\u0142 spo\u017cywczyDu\u017ca cz\u0119\u015b\u0107 pracownik\u00f3w SprintWerkt pracuje w piekarniach i cukierniczych oraz w sektorze przetw\u00f3rstwa owoc\u00f3w i warzyw. Mamy ponad 10-letnie do\u015bwiadczenie w tej bran\u017cy. OgrodnictwoPracownicy SprintWerkt przez ca\u0142y rok s\u0105 aktywni w r\u00f3\u017cnych procesach w tym sektorze. Po\u015bredniczymy mi\u0119dzy innymi dla naszych pracownik\u00f3w w szk\u00f3\u0142kach kwiat\u00f3w, owoc\u00f3w i ro\u015blin. Od lat jeste\u015bmy sprawdzonym specjalist\u0105 w prawdziwej pracy sezonowej. TechnikOd 2018 roku SprintWerkt dzia\u0142a r\u00f3wnie\u017c w r\u00f3\u017cnych bran\u017cach technicznych, tutaj wiele robimy dla firm metalowych, drzewnych i budowlanych. Funkcje, [&hellip;]","og_url":"https:\/\/www.sprintwerkt.nl\/pl\/sektory\/","og_site_name":"SprintWerkt","article_modified_time":"2020-12-01T08:53:14+00:00","twitter_card":"summary_large_image","twitter_misc":{"Szacowany czas czytania":"1 minuta"},"schema":{"@context":"https:\/\/schema.org","@graph":[{"@type":"WebPage","@id":"https:\/\/www.sprintwerkt.nl\/pl\/sektory\/","url":"https:\/\/www.sprintwerkt.nl\/pl\/sektory\/","name":"Sektory - SprintWerkt","isPartOf":{"@id":"https:\/\/www.sprintwerkt.nl\/pl\/#website"},"datePublished":"2019-03-11T15:21:18+00:00","dateModified":"2020-12-01T08:53:14+00:00","breadcrumb":{"@id":"https:\/\/www.sprintwerkt.nl\/pl\/sektory\/#breadcrumb"},"inLanguage":"pl-PL","potentialAction":[{"@type":"ReadAction","target":["https:\/\/www.sprintwerkt.nl\/pl\/sektory\/"]}]},{"@type":"BreadcrumbList","@id":"https:\/\/www.sprintwerkt.nl\/pl\/sektory\/#breadcrumb","itemListElement":[{"@type":"ListItem","position":1,"name":"Home","item":"https:\/\/www.sprintwerkt.nl\/pl\/"},{"@type":"ListItem","position":2,"name":"Sektory"}]},{"@type":"WebSite","@id":"https:\/\/www.sprintwerkt.nl\/pl\/#website","url":"https:\/\/www.sprintwerkt.nl\/pl\/","name":"SprintWerkt","description":"uw uitzend partner","potentialAction":[{"@type":"SearchAction","target":{"@type":"EntryPoint","urlTemplate":"https:\/\/www.sprintwerkt.nl\/pl\/?s={search_term_string}"},"query-input":{"@type":"PropertyValueSpecification","valueRequired":true,"valueName":"search_term_string"}}],"inLanguage":"pl-PL"}]}},"_links":{"self":[{"href":"https:\/\/www.sprintwerkt.nl\/pl\/wp-json\/wp\/v2\/pages\/1497","targetHints":{"allow":["GET"]}}],"collection":[{"href":"https:\/\/www.sprintwerkt.nl\/pl\/wp-json\/wp\/v2\/pages"}],"about":[{"href":"https:\/\/www.sprintwerkt.nl\/pl\/wp-json\/wp\/v2\/types\/page"}],"author":[{"embeddable":true,"href":"https:\/\/www.sprintwerkt.nl\/pl\/wp-json\/wp\/v2\/users\/2"}],"replies":[{"embeddable":true,"href":"https:\/\/www.sprintwerkt.nl\/pl\/wp-json\/wp\/v2\/comments?post=1497"}],"version-history":[{"count":5,"href":"https:\/\/www.sprintwerkt.nl\/pl\/wp-json\/wp\/v2\/pages\/1497\/revisions"}],"predecessor-version":[{"id":1643,"href":"https:\/\/www.sprintwerkt.nl\/pl\/wp-json\/wp\/v2\/pages\/1497\/revisions\/1643"}],"wp:attachment":[{"href":"https:\/\/www.sprintwerkt.nl\/pl\/wp-json\/wp\/v2\/media?parent=1497"}],"wp:term":[{"taxonomy":"post_tag","embeddable":true,"href":"https:\/\/www.sprintwerkt.nl\/pl\/wp-json\/wp\/v2\/tags?post=1497"}],"curies":[{"name":"wp","href":"https:\/\/api.w.org\/{rel}","templated":true}]}}