{"id":1485,"date":"2020-10-09T14:57:18","date_gmt":"2020-10-09T12:57:18","guid":{"rendered":"https:\/\/www.sprintwerkt.nl\/bedankt-voor-uw-inschrijving\/"},"modified":"2020-11-24T13:17:54","modified_gmt":"2020-11-24T12:17:54","slug":"dziekujemy-za-rejestracje","status":"publish","type":"page","link":"https:\/\/www.sprintwerkt.nl\/pl\/dziekujemy-za-rejestracje\/","title":{"rendered":"Dzi\u0119kujemy za rejestracj\u0119"},"content":{"rendered":"<p><div id=\"thz-section-holder-sfc3a8ece\" class=\"thz-section-holder section-notcontained none\" data-view-brightness=\"none\">\r\n\t<section class=\"thz-section\">\r\n\t\t<div class=\"thz-section-in\">\r\n\t\t\t\t\t<div class=\"thz-container content-contained thz-site-width\">\r\n\t\t\t\t\t\t\t<\/div>\r\n\t\t\t\t<\/div>\r\n\t\t<div class=\"thz-bglayer-container\"><div id=\"thz-bglayer-1dce792f\" class=\"thz-basic-bglayer\"><\/div><\/div>\t\t<\/section>\r\n<\/div>\r\n<div id=\"thz-section-holder-s6c66b36d\" class=\"thz-section-holder section-notcontained none\" data-view-brightness=\"none\">\r\n\t<section class=\"thz-section\">\r\n\t\t<div class=\"thz-section-in\">\r\n\t\t\t\t\t<div class=\"thz-container content-contained thz-site-width\">\r\n\t\t\t\t<div class=\"thz-row\">\r\n\t<div id=\"thz-column-c5ce9a455\" class=\"thz-column thz-col-2-3 fstart\">\r\n\t<div class=\"thz-column-container\">\r\n        <div class=\"thz-column-in\">\r\n                        <div class=\"thz-column-shortcodes\">\t\r\n                <div id=\"thz-sh-1244e510\" class=\"thz-shc thz-heading thz-sh-1244e510 thz-sh-plain thz-sh-pos-both\">\r\n\t<div class=\"thz-heading-holder\">\r\n\t\t\t\t\t\t\t<\/div>\r\n<\/div><div id=\"thz-text-block-0960e049\" class=\"thz-shc thz-text-block\"><p>W\u0142a\u015bnie wype\u0142ni\u0142e\u015b formularz rejestracyjny. Otrzymali\u015bmy wype\u0142niony formularz i odpowiemy na Twoj\u0105 rejestracj\u0119 tak szybko, jak to mo\u017cliwe.<\/p><\/div>            <\/div>\r\n                                            <\/div>\r\n    <\/div>\r\n<\/div><div id=\"thz-column-ce8156348\" class=\"thz-column thz-col-1-3 fstart\">\r\n\t<div class=\"thz-column-container\">\r\n        <div class=\"thz-column-in\">\r\n                        <div class=\"thz-column-shortcodes\">\t\r\n                \n            <\/div>\r\n                                            <\/div>\r\n    <\/div>\r\n<\/div><\/div>\t\t\t<\/div>\r\n\t\t\t\t<\/div>\r\n\t\t\t\t<\/section>\r\n<\/div>\r\n<\/p>\n","protected":false},"excerpt":{"rendered":"<p>W\u0142a\u015bnie wype\u0142ni\u0142e\u015b formularz rejestracyjny. Otrzymali\u015bmy wype\u0142niony formularz i odpowiemy na Twoj\u0105 rejestracj\u0119 tak szybko, jak to mo\u017cliwe.<\/p>\n","protected":false},"author":2,"featured_media":0,"parent":0,"menu_order":0,"comment_status":"closed","ping_status":"closed","template":"template-parts\/page-builder.php","meta":{"inline_featured_image":false,"footnotes":""},"tags":[],"class_list":["post-1485","page","type-page","status-publish","hentry","page_category-content"],"yoast_head":"<!-- This site is optimized with the Yoast SEO plugin v26.2 - https:\/\/yoast.com\/wordpress\/plugins\/seo\/ -->\n<title>Dzi\u0119kujemy za rejestracj\u0119 - SprintWerkt<\/title>\n<meta name=\"robots\" content=\"index, follow, max-snippet:-1, max-image-preview:large, max-video-preview:-1\" \/>\n<link rel=\"canonical\" href=\"https:\/\/www.sprintwerkt.nl\/pl\/dziekujemy-za-rejestracje\/\" \/>\n<meta property=\"og:locale\" content=\"pl_PL\" \/>\n<meta property=\"og:type\" content=\"article\" \/>\n<meta property=\"og:title\" content=\"Dzi\u0119kujemy za rejestracj\u0119 - SprintWerkt\" \/>\n<meta property=\"og:description\" content=\"W\u0142a\u015bnie wype\u0142ni\u0142e\u015b formularz rejestracyjny. Otrzymali\u015bmy wype\u0142niony formularz i odpowiemy na Twoj\u0105 rejestracj\u0119 tak szybko, jak to mo\u017cliwe.\" \/>\n<meta property=\"og:url\" content=\"https:\/\/www.sprintwerkt.nl\/pl\/dziekujemy-za-rejestracje\/\" \/>\n<meta property=\"og:site_name\" content=\"SprintWerkt\" \/>\n<meta property=\"article:modified_time\" content=\"2020-11-24T12:17:54+00:00\" \/>\n<meta name=\"twitter:card\" content=\"summary_large_image\" \/>\n<script type=\"application\/ld+json\" class=\"yoast-schema-graph\">{\"@context\":\"https:\/\/schema.org\",\"@graph\":[{\"@type\":\"WebPage\",\"@id\":\"https:\/\/www.sprintwerkt.nl\/pl\/dziekujemy-za-rejestracje\/\",\"url\":\"https:\/\/www.sprintwerkt.nl\/pl\/dziekujemy-za-rejestracje\/\",\"name\":\"Dzi\u0119kujemy za rejestracj\u0119 - SprintWerkt\",\"isPartOf\":{\"@id\":\"https:\/\/www.sprintwerkt.nl\/pl\/#website\"},\"datePublished\":\"2020-10-09T12:57:18+00:00\",\"dateModified\":\"2020-11-24T12:17:54+00:00\",\"breadcrumb\":{\"@id\":\"https:\/\/www.sprintwerkt.nl\/pl\/dziekujemy-za-rejestracje\/#breadcrumb\"},\"inLanguage\":\"pl-PL\",\"potentialAction\":[{\"@type\":\"ReadAction\",\"target\":[\"https:\/\/www.sprintwerkt.nl\/pl\/dziekujemy-za-rejestracje\/\"]}]},{\"@type\":\"BreadcrumbList\",\"@id\":\"https:\/\/www.sprintwerkt.nl\/pl\/dziekujemy-za-rejestracje\/#breadcrumb\",\"itemListElement\":[{\"@type\":\"ListItem\",\"position\":1,\"name\":\"Home\",\"item\":\"https:\/\/www.sprintwerkt.nl\/pl\/\"},{\"@type\":\"ListItem\",\"position\":2,\"name\":\"Dzi\u0119kujemy za rejestracj\u0119\"}]},{\"@type\":\"WebSite\",\"@id\":\"https:\/\/www.sprintwerkt.nl\/pl\/#website\",\"url\":\"https:\/\/www.sprintwerkt.nl\/pl\/\",\"name\":\"SprintWerkt\",\"description\":\"uw uitzend partner\",\"potentialAction\":[{\"@type\":\"SearchAction\",\"target\":{\"@type\":\"EntryPoint\",\"urlTemplate\":\"https:\/\/www.sprintwerkt.nl\/pl\/?s={search_term_string}\"},\"query-input\":{\"@type\":\"PropertyValueSpecification\",\"valueRequired\":true,\"valueName\":\"search_term_string\"}}],\"inLanguage\":\"pl-PL\"}]}<\/script>\n<!-- \/ Yoast SEO plugin. -->","yoast_head_json":{"title":"Dzi\u0119kujemy za rejestracj\u0119 - SprintWerkt","robots":{"index":"index","follow":"follow","max-snippet":"max-snippet:-1","max-image-preview":"max-image-preview:large","max-video-preview":"max-video-preview:-1"},"canonical":"https:\/\/www.sprintwerkt.nl\/pl\/dziekujemy-za-rejestracje\/","og_locale":"pl_PL","og_type":"article","og_title":"Dzi\u0119kujemy za rejestracj\u0119 - SprintWerkt","og_description":"W\u0142a\u015bnie wype\u0142ni\u0142e\u015b formularz rejestracyjny. Otrzymali\u015bmy wype\u0142niony formularz i odpowiemy na Twoj\u0105 rejestracj\u0119 tak szybko, jak to mo\u017cliwe.","og_url":"https:\/\/www.sprintwerkt.nl\/pl\/dziekujemy-za-rejestracje\/","og_site_name":"SprintWerkt","article_modified_time":"2020-11-24T12:17:54+00:00","twitter_card":"summary_large_image","schema":{"@context":"https:\/\/schema.org","@graph":[{"@type":"WebPage","@id":"https:\/\/www.sprintwerkt.nl\/pl\/dziekujemy-za-rejestracje\/","url":"https:\/\/www.sprintwerkt.nl\/pl\/dziekujemy-za-rejestracje\/","name":"Dzi\u0119kujemy za rejestracj\u0119 - SprintWerkt","isPartOf":{"@id":"https:\/\/www.sprintwerkt.nl\/pl\/#website"},"datePublished":"2020-10-09T12:57:18+00:00","dateModified":"2020-11-24T12:17:54+00:00","breadcrumb":{"@id":"https:\/\/www.sprintwerkt.nl\/pl\/dziekujemy-za-rejestracje\/#breadcrumb"},"inLanguage":"pl-PL","potentialAction":[{"@type":"ReadAction","target":["https:\/\/www.sprintwerkt.nl\/pl\/dziekujemy-za-rejestracje\/"]}]},{"@type":"BreadcrumbList","@id":"https:\/\/www.sprintwerkt.nl\/pl\/dziekujemy-za-rejestracje\/#breadcrumb","itemListElement":[{"@type":"ListItem","position":1,"name":"Home","item":"https:\/\/www.sprintwerkt.nl\/pl\/"},{"@type":"ListItem","position":2,"name":"Dzi\u0119kujemy za rejestracj\u0119"}]},{"@type":"WebSite","@id":"https:\/\/www.sprintwerkt.nl\/pl\/#website","url":"https:\/\/www.sprintwerkt.nl\/pl\/","name":"SprintWerkt","description":"uw uitzend partner","potentialAction":[{"@type":"SearchAction","target":{"@type":"EntryPoint","urlTemplate":"https:\/\/www.sprintwerkt.nl\/pl\/?s={search_term_string}"},"query-input":{"@type":"PropertyValueSpecification","valueRequired":true,"valueName":"search_term_string"}}],"inLanguage":"pl-PL"}]}},"_links":{"self":[{"href":"https:\/\/www.sprintwerkt.nl\/pl\/wp-json\/wp\/v2\/pages\/1485","targetHints":{"allow":["GET"]}}],"collection":[{"href":"https:\/\/www.sprintwerkt.nl\/pl\/wp-json\/wp\/v2\/pages"}],"about":[{"href":"https:\/\/www.sprintwerkt.nl\/pl\/wp-json\/wp\/v2\/types\/page"}],"author":[{"embeddable":true,"href":"https:\/\/www.sprintwerkt.nl\/pl\/wp-json\/wp\/v2\/users\/2"}],"replies":[{"embeddable":true,"href":"https:\/\/www.sprintwerkt.nl\/pl\/wp-json\/wp\/v2\/comments?post=1485"}],"version-history":[{"count":3,"href":"https:\/\/www.sprintwerkt.nl\/pl\/wp-json\/wp\/v2\/pages\/1485\/revisions"}],"predecessor-version":[{"id":1603,"href":"https:\/\/www.sprintwerkt.nl\/pl\/wp-json\/wp\/v2\/pages\/1485\/revisions\/1603"}],"wp:attachment":[{"href":"https:\/\/www.sprintwerkt.nl\/pl\/wp-json\/wp\/v2\/media?parent=1485"}],"wp:term":[{"taxonomy":"post_tag","embeddable":true,"href":"https:\/\/www.sprintwerkt.nl\/pl\/wp-json\/wp\/v2\/tags?post=1485"}],"curies":[{"name":"wp","href":"https:\/\/api.w.org\/{rel}","templated":true}]}}